{"id":266,"date":"2025-06-11T15:27:24","date_gmt":"2025-06-11T13:27:24","guid":{"rendered":"https:\/\/e-lus.si\/kontakt\/"},"modified":"2025-06-26T11:58:17","modified_gmt":"2025-06-26T09:58:17","slug":"kontakt","status":"publish","type":"page","link":"https:\/\/e-lus.si\/de\/kontakt\/","title":{"rendered":"Kontakt"},"content":{"rendered":"<p>[et_pb_section fb_built=&#8220;1&#8243; fullwidth=&#8220;on&#8220; admin_label=&#8220;Header&#8220; _builder_version=&#8220;4.27.4&#8243; background_image=&#8220;https:\/\/e-lus.si\/wp-content\/uploads\/2025\/06\/title-kontakt-2.jpg&#8220; parallax=&#8220;on&#8220; custom_margin=&#8220;|||&#8220; custom_padding=&#8220;|||&#8220; global_colors_info=&#8220;{}&#8220;][et_pb_fullwidth_header title=&#8220;Kontakt&#8220; button_one_text=&#8220;Senden Sie Ihre Anfrage&#8220; button_one_url=&#8220;#povprasevanje&#8220; button_two_url=&#8220;#&#8220; content_max_width=&#8220;56%&#8220; scroll_down_icon_size_tablet=&#8220;&#8220; scroll_down_icon_size_phone=&#8220;&#8220; scroll_down_icon_size_last_edited=&#8220;on|phone&#8220; _builder_version=&#8220;4.27.4&#8243; title_font=&#8220;|700|||||||&#8220; title_font_size=&#8220;60px&#8220; title_line_height=&#8220;1.2em&#8220; content_font=&#8220;|600|||||||&#8220; content_font_size=&#8220;20px&#8220; content_line_height=&#8220;1.6em&#8220; background_color=&#8220;rgba(255,255,255,0)&#8220; use_background_color_gradient=&#8220;on&#8220; background_color_gradient_type=&#8220;circular&#8220; background_color_gradient_direction_radial=&#8220;right&#8220; background_color_gradient_stops=&#8220;rgba(255,255,255,0) 0%|#ffffff 70%&#8220; background_color_gradient_start=&#8220;rgba(255,255,255,0)&#8220; background_color_gradient_end=&#8220;#ffffff&#8220; background_color_gradient_end_position=&#8220;70%&#8220; background_enable_image=&#8220;off&#8220; custom_button_one=&#8220;on&#8220; button_one_text_size=&#8220;18px&#8220; button_one_text_color=&#8220;#ffffff&#8220; button_one_bg_color=&#8220;#08256E&#8220; button_one_bg_color_gradient_direction=&#8220;90deg&#8220; button_one_bg_color_gradient_stops=&#8220;#f2835a 0%|#fab993 100%&#8220; button_one_bg_color_gradient_overlays_image=&#8220;on&#8220; button_one_bg_color_gradient_start=&#8220;#f2835a&#8220; button_one_bg_color_gradient_end=&#8220;#fab993&#8243; button_one_border_width=&#8220;10px&#8220; button_one_border_color=&#8220;#08256E&#8220; button_one_border_radius=&#8220;0px&#8220; button_one_font=&#8220;|700|||||||&#8220; button_one_icon=&#8220;&#x22;||divi||400&#8243; custom_button_two=&#8220;on&#8220; button_two_text_size=&#8220;18px&#8220; button_two_text_color=&#8220;#ffffff&#8220; button_two_bg_color=&#8220;#557df3&#8243; button_two_border_width=&#8220;10px&#8220; button_two_border_color=&#8220;#557df3&#8243; button_two_border_radius=&#8220;0px&#8220; button_two_font=&#8220;Ubuntu|700|||||||&#8220; background_layout=&#8220;light&#8220; custom_padding=&#8220;6vw||10vw||false&#8220; custom_padding_tablet=&#8220;||||false&#8220; custom_padding_phone=&#8220;3vw||6vw||false&#8220; custom_padding_last_edited=&#8220;on|phone&#8220; animation_style=&#8220;fade&#8220; title_font_size_tablet=&#8220;50px&#8220; title_font_size_phone=&#8220;40px&#8220; title_font_size_last_edited=&#8220;on|phone&#8220; content_font_size_tablet=&#8220;16px&#8220; content_font_size_phone=&#8220;14px&#8220; content_font_size_last_edited=&#8220;on|phone&#8220; button_one_text_size_tablet=&#8220;&#8220; button_one_text_size_phone=&#8220;&#8220; button_one_text_size_last_edited=&#8220;on|desktop&#8220; button_one_border_radius_hover=&#8220;0px&#8220; button_two_border_radius_hover=&#8220;0px&#8220; global_colors_info=&#8220;{}&#8220; button_one_text_size__hover_enabled=&#8220;off&#8220; button_two_text_size__hover_enabled=&#8220;off&#8220; button_one_text_color__hover_enabled=&#8220;off&#8220; button_two_text_color__hover_enabled=&#8220;off&#8220; button_one_border_width__hover_enabled=&#8220;off&#8220; button_two_border_width__hover_enabled=&#8220;off&#8220; button_one_border_color__hover_enabled=&#8220;on|hover&#8220; button_two_border_color__hover_enabled=&#8220;off&#8220; button_one_border_radius__hover_enabled=&#8220;on|desktop&#8220; button_one_border_radius__hover=&#8220;0px&#8220; button_two_border_radius__hover_enabled=&#8220;on&#8220; button_two_border_radius__hover=&#8220;0px&#8220; button_one_letter_spacing__hover_enabled=&#8220;off&#8220; button_two_letter_spacing__hover_enabled=&#8220;off&#8220; button_one_bg_color__hover_enabled=&#8220;on|desktop&#8220; button_two_bg_color__hover_enabled=&#8220;off&#8220; button_one_bg_color__hover=&#8220;#00CAA6&#8243; button_one_bg_enable_color__hover=&#8220;on&#8220; button_one_border_color__hover=&#8220;#00CAA6&#8243;]<\/p>\n<p>Wenn Sie Fragen zu unseren Dienstleistungen haben, z\u00f6gern Sie bitte nicht, uns zu kontaktieren. Unser Team beantwortet gerne alle Ihre Fragen und hilft Ihnen bei allen Problemen. <\/p>\n<p>[\/et_pb_fullwidth_header][\/et_pb_section][et_pb_section fb_built=&#8220;1&#8243; admin_label=&#8220;Contact Info&#8220; _builder_version=&#8220;4.20.2&#8243; background_color=&#8220;#ffffff&#8220; max_width=&#8220;90%&#8220; max_width_tablet=&#8220;90%&#8220; max_width_phone=&#8220;100%&#8220; max_width_last_edited=&#8220;on|tablet&#8220; module_alignment=&#8220;right&#8220; custom_margin=&#8220;-4vw||||false&#8220; animation_style=&#8220;slide&#8220; animation_direction=&#8220;right&#8220; animation_intensity_slide=&#8220;5%&#8220; border_radii=&#8220;on|6px|6px|6px|6px&#8220; box_shadow_style=&#8220;preset1&#8243; box_shadow_blur=&#8220;55px&#8220; box_shadow_color=&#8220;rgba(0,0,0,0.1)&#8220; global_colors_info=&#8220;{}&#8220;][et_pb_row column_structure=&#8220;1_3,1_3,1_3&#8243; _builder_version=&#8220;4.16&#8243; global_colors_info=&#8220;{}&#8220;][et_pb_column type=&#8220;1_3&#8243; _builder_version=&#8220;4.16&#8243; custom_padding=&#8220;|||&#8220; global_colors_info=&#8220;{}&#8220; custom_padding__hover=&#8220;|||&#8220;][et_pb_blurb title=&#8220;+386 41 560 848&#8243; use_icon=&#8220;on&#8220; font_icon=&#8220;&#xe090;||divi||400&#8243; icon_color=&#8220;#000000&#8243; icon_placement=&#8220;left&#8220; _builder_version=&#8220;4.27.4&#8243; header_level=&#8220;h6&#8243; header_font=&#8220;|700|||||||&#8220; header_text_color=&#8220;#000000&#8243; header_font_size=&#8220;16px&#8220; header_line_height=&#8220;1.8em&#8220; body_font=&#8220;||||||||&#8220; link_option_url=&#8220;tel:+38641560 848&#8243; custom_css_blurb_title=&#8220;margin-top:2px;&#8220; border_color_all=&#8220;#EEEEEE&#8220; border_width_right=&#8220;2px&#8220; locked=&#8220;off&#8220; global_colors_info=&#8220;{}&#8220;][\/et_pb_blurb][\/et_pb_column][et_pb_column type=&#8220;1_3&#8243; _builder_version=&#8220;4.16&#8243; custom_padding=&#8220;|||&#8220; global_colors_info=&#8220;{}&#8220; custom_padding__hover=&#8220;|||&#8220;][et_pb_blurb title=&#8220;info@e-lus.si&#8220; use_icon=&#8220;on&#8220; font_icon=&#8220;&#xe076;||divi||400&#8243; icon_color=&#8220;#000000&#8243; icon_placement=&#8220;left&#8220; _builder_version=&#8220;4.27.4&#8243; header_level=&#8220;h6&#8243; header_font=&#8220;|700|||||||&#8220; header_text_color=&#8220;#000000&#8243; header_font_size=&#8220;16px&#8220; header_line_height=&#8220;1.8em&#8220; body_font=&#8220;||||||||&#8220; link_option_url=&#8220;mailto:info@e-lus.si&#8220; custom_css_blurb_title=&#8220;margin-top:2px;&#8220; border_color_all=&#8220;#EEEEEE&#8220; border_width_right=&#8220;2px&#8220; locked=&#8220;off&#8220; global_colors_info=&#8220;{}&#8220;][\/et_pb_blurb][\/et_pb_column][et_pb_column type=&#8220;1_3&#8243; _builder_version=&#8220;4.16&#8243; custom_padding=&#8220;|||&#8220; global_colors_info=&#8220;{}&#8220; custom_padding__hover=&#8220;|||&#8220;][et_pb_blurb title=&#8220;Wie erreichen Sie uns?&#8220; use_icon=&#8220;on&#8220; font_icon=&#8220;&#xe081;||divi||400&#8243; icon_color=&#8220;#000000&#8243; icon_placement=&#8220;left&#8220; _builder_version=&#8220;4.20.2&#8243; header_level=&#8220;h6&#8243; header_font=&#8220;|700|||||||&#8220; header_text_color=&#8220;#000000&#8243; header_font_size=&#8220;16px&#8220; header_line_height=&#8220;1.8em&#8220; body_font=&#8220;||||||||&#8220; link_option_url=&#8220;#zemljevid&#8220; custom_css_blurb_title=&#8220;margin-top:2px;&#8220; border_color_all=&#8220;#EEEEEE&#8220; border_width_right=&#8220;2px&#8220; locked=&#8220;off&#8220; global_colors_info=&#8220;{}&#8220;][\/et_pb_blurb][\/et_pb_column][\/et_pb_row][\/et_pb_section][et_pb_section fb_built=&#8220;1&#8243; module_id=&#8220;povprasevanje&#8220; _builder_version=&#8220;4.20.2&#8243; custom_padding=&#8220;82px||99px|||&#8220; global_colors_info=&#8220;{}&#8220;][et_pb_row column_structure=&#8220;3_5,2_5&#8243; make_equal=&#8220;on&#8220; _builder_version=&#8220;4.20.2&#8243; custom_padding=&#8220;21px||38px|||&#8220; global_colors_info=&#8220;{}&#8220;][et_pb_column type=&#8220;3_5&#8243; _builder_version=&#8220;4.20.2&#8243; global_colors_info=&#8220;{}&#8220;][et_pb_text _builder_version=&#8220;4.20.2&#8243; header_2_font=&#8220;|700|||||||&#8220; header_2_text_align=&#8220;left&#8220; custom_margin=&#8220;||8px||false|false&#8220; global_colors_info=&#8220;{}&#8220;]<\/p>\n<h2>Senden Sie uns eine Anfrage<\/h2>\n<p>[\/et_pb_text][et_pb_divider divider_weight=&#8220;4px&#8220; _builder_version=&#8220;4.20.2&#8243; width=&#8220;100px&#8220; module_alignment=&#8220;left&#8220; custom_margin=&#8220;||8px||false|false&#8220; animation_style=&#8220;slide&#8220; animation_direction=&#8220;right&#8220; animation_intensity_slide=&#8220;9%&#8220; global_colors_info=&#8220;{}&#8220;][\/et_pb_divider][et_pb_contact_form captcha=&#8220;off&#8220; email=&#8220;info@e-lus.si&#8220; custom_message=&#8220;Name: %%Name%%||et_pb_line_break_holder||||et_pb_line_break_holder||Email: %%Email%%||et_pb_line_break_holder||||et_pb_line_break_holder||Bericht:||et_pb_line_break_holder|||%%Message%%&#8220; success_message=&#8220;Vielen Dank f\u00fcr Ihre Nachricht. Wir werden versuchen, so schnell wie m\u00f6glich zu antworten.&#8220; submit_button_text=&#8220;Senden an&#8220; _builder_version=&#8220;4.27.4&#8243; custom_button=&#8220;on&#8220; button_text_color=&#8220;#FFFFFF&#8220; button_bg_color=&#8220;#08256E&#8220; button_border_radius=&#8220;84px&#8220; button_icon=&#8220;&#x24;||divi||400&#8243; hover_enabled=&#8220;0&#8243; global_colors_info=&#8220;{}&#8220; button_bg_color__hover_enabled=&#8220;on|hover&#8220; button_bg_color__hover=&#8220;#000000&#8243; button_bg_enable_color__hover=&#8220;on&#8220; use_redirect=&#8220;on&#8220; redirect_url=&#8220;https:\/\/e-lus.si\/kontakt\/hvala\/&#8220; sticky_enabled=&#8220;0&#8243;][et_pb_contact_field field_id=&#8220;Name&#8220; field_title=&#8220;Name&#8220; fullwidth_field=&#8220;on&#8220; _builder_version=&#8220;4.27.4&#8243; border_color_left=&#8220;#00CAA6&#8243; global_colors_info=&#8220;{}&#8220; button_text_size__hover_enabled=&#8220;off&#8220; button_one_text_size__hover_enabled=&#8220;off&#8220; button_two_text_size__hover_enabled=&#8220;off&#8220; button_text_color__hover_enabled=&#8220;off&#8220; button_one_text_color__hover_enabled=&#8220;off&#8220; button_two_text_color__hover_enabled=&#8220;off&#8220; button_border_width__hover_enabled=&#8220;off&#8220; button_one_border_width__hover_enabled=&#8220;off&#8220; button_two_border_width__hover_enabled=&#8220;off&#8220; button_border_color__hover_enabled=&#8220;off&#8220; button_one_border_color__hover_enabled=&#8220;off&#8220; button_two_border_color__hover_enabled=&#8220;off&#8220; button_border_radius__hover_enabled=&#8220;off&#8220; button_one_border_radius__hover_enabled=&#8220;off&#8220; button_two_border_radius__hover_enabled=&#8220;off&#8220; button_letter_spacing__hover_enabled=&#8220;off&#8220; button_one_letter_spacing__hover_enabled=&#8220;off&#8220; button_two_letter_spacing__hover_enabled=&#8220;off&#8220; button_bg_color__hover_enabled=&#8220;off&#8220; button_one_bg_color__hover_enabled=&#8220;off&#8220; button_two_bg_color__hover_enabled=&#8220;off&#8220; border_width_left__hover_enabled=&#8220;on|hover&#8220; border_width_left__hover=&#8220;7px&#8220;][\/et_pb_contact_field][et_pb_contact_field field_id=&#8220;Email&#8220; field_title=&#8220;E-Mail  &#8220; field_type=&#8220;email&#8220; fullwidth_field=&#8220;on&#8220; _builder_version=&#8220;4.27.4&#8243; border_color_left=&#8220;#00CAA6&#8243; global_colors_info=&#8220;{}&#8220; button_text_size__hover_enabled=&#8220;off&#8220; button_one_text_size__hover_enabled=&#8220;off&#8220; button_two_text_size__hover_enabled=&#8220;off&#8220; button_text_color__hover_enabled=&#8220;off&#8220; button_one_text_color__hover_enabled=&#8220;off&#8220; button_two_text_color__hover_enabled=&#8220;off&#8220; button_border_width__hover_enabled=&#8220;off&#8220; button_one_border_width__hover_enabled=&#8220;off&#8220; button_two_border_width__hover_enabled=&#8220;off&#8220; button_border_color__hover_enabled=&#8220;off&#8220; button_one_border_color__hover_enabled=&#8220;off&#8220; button_two_border_color__hover_enabled=&#8220;off&#8220; button_border_radius__hover_enabled=&#8220;off&#8220; button_one_border_radius__hover_enabled=&#8220;off&#8220; button_two_border_radius__hover_enabled=&#8220;off&#8220; button_letter_spacing__hover_enabled=&#8220;off&#8220; button_one_letter_spacing__hover_enabled=&#8220;off&#8220; button_two_letter_spacing__hover_enabled=&#8220;off&#8220; button_bg_color__hover_enabled=&#8220;off&#8220; button_one_bg_color__hover_enabled=&#8220;off&#8220; button_two_bg_color__hover_enabled=&#8220;off&#8220; border_width_left__hover_enabled=&#8220;on|hover&#8220; border_width_left__hover=&#8220;7px&#8220;][\/et_pb_contact_field][et_pb_contact_field field_id=&#8220;Message&#8220; field_title=&#8220;Nachricht&#8220; field_type=&#8220;text&#8220; fullwidth_field=&#8220;on&#8220; _builder_version=&#8220;4.27.4&#8243; border_color_left=&#8220;#00CAA6&#8243; global_colors_info=&#8220;{}&#8220; button_text_size__hover_enabled=&#8220;off&#8220; button_one_text_size__hover_enabled=&#8220;off&#8220; button_two_text_size__hover_enabled=&#8220;off&#8220; button_text_color__hover_enabled=&#8220;off&#8220; button_one_text_color__hover_enabled=&#8220;off&#8220; button_two_text_color__hover_enabled=&#8220;off&#8220; button_border_width__hover_enabled=&#8220;off&#8220; button_one_border_width__hover_enabled=&#8220;off&#8220; button_two_border_width__hover_enabled=&#8220;off&#8220; button_border_color__hover_enabled=&#8220;off&#8220; button_one_border_color__hover_enabled=&#8220;off&#8220; button_two_border_color__hover_enabled=&#8220;off&#8220; button_border_radius__hover_enabled=&#8220;off&#8220; button_one_border_radius__hover_enabled=&#8220;off&#8220; button_two_border_radius__hover_enabled=&#8220;off&#8220; button_letter_spacing__hover_enabled=&#8220;off&#8220; button_one_letter_spacing__hover_enabled=&#8220;off&#8220; button_two_letter_spacing__hover_enabled=&#8220;off&#8220; button_bg_color__hover_enabled=&#8220;off&#8220; button_one_bg_color__hover_enabled=&#8220;off&#8220; button_two_bg_color__hover_enabled=&#8220;off&#8220; border_width_left__hover_enabled=&#8220;on|hover&#8220; border_width_left__hover=&#8220;7px&#8220;][\/et_pb_contact_field][et_pb_contact_field field_id=&#8220;Gdpr&#8220; field_title=&#8220;Schutz von personenbezogenen Daten&#8220; field_type=&#8220;checkbox&#8220; checkbox_options=&#8220;%91{%22value%22:%22Ich genehmige die \u00dcbermittlung meiner Daten. Wir ben\u00f6tigen Ihre Daten, um Ihnen zu antworten. Wir verarbeiten Ihre Daten nicht f\u00fcr andere Zwecke und geben sie nicht an Dritte weiter.%22,%22checked%22:0,%22dragID%22:-1}%93&#8243; fullwidth_field=&#8220;on&#8220; _builder_version=&#8220;4.20.2&#8243; _module_preset=&#8220;default&#8220; form_field_font_size=&#8220;12px&#8220; global_colors_info=&#8220;{}&#8220;][\/et_pb_contact_field][\/et_pb_contact_form][\/et_pb_column][et_pb_column type=&#8220;2_5&#8243; module_class=&#8220;ds-vertical-align&#8220; _builder_version=&#8220;4.18.0&#8243; _module_preset=&#8220;default&#8220; global_colors_info=&#8220;{}&#8220;][et_pb_blurb title=&#8220;Unternehmen&#8220; use_icon=&#8220;on&#8220; font_icon=&#8220;&#xf27c;||fa||400&#8243; icon_placement=&#8220;left&#8220; image_icon_width=&#8220;39px&#8220; _builder_version=&#8220;4.27.4&#8243; header_font=&#8220;|700|||||||&#8220; background_enable_color=&#8220;off&#8220; transform_translate_linked=&#8220;off&#8220; module_alignment=&#8220;left&#8220; custom_margin=&#8220;63px||4px||false|false&#8220; custom_padding=&#8220;18px|20px|18px|20px|false|true&#8220; animation_style=&#8220;slide&#8220; animation_direction=&#8220;bottom&#8220; animation_intensity_slide=&#8220;6%&#8220; link_option_url=&#8220;tel:+386 1 78 18 030&#8243; custom_css_blurb_title=&#8220;margin-bottom:-10px;&#8220; border_width_bottom=&#8220;1px&#8220; border_color_bottom=&#8220;#EEEEEE&#8220; icon_font_size=&#8220;39px&#8220; global_colors_info=&#8220;{}&#8220; transform_styles__hover_enabled=&#8220;on|hover&#8220; transform_scale__hover=&#8220;103%|103%&#8220; transform_scale__hover_enabled=&#8220;on|hover&#8220; transform_translate__hover_enabled=&#8220;on|desktop&#8220; transform_rotate__hover_enabled=&#8220;on|desktop&#8220; transform_skew__hover_enabled=&#8220;on|desktop&#8220; transform_origin__hover_enabled=&#8220;on|desktop&#8220; transform_translate__hover=&#8220;-5px|0px&#8220;]<\/p>\n<p>E-LUS d.o.o.<\/p>\n<p>[\/et_pb_blurb][et_pb_blurb title=&#8220;Adresse&#8220; use_icon=&#8220;on&#8220; font_icon=&#8220;&#xe081;||divi||400&#8243; icon_placement=&#8220;left&#8220; image_icon_width=&#8220;39px&#8220; _builder_version=&#8220;4.27.4&#8243; header_font=&#8220;|700|||||||&#8220; background_enable_color=&#8220;off&#8220; transform_translate_linked=&#8220;off&#8220; module_alignment=&#8220;left&#8220; custom_margin=&#8220;||4px||false|false&#8220; custom_padding=&#8220;18px|20px|18px|20px|false|true&#8220; animation_style=&#8220;slide&#8220; animation_direction=&#8220;bottom&#8220; animation_intensity_slide=&#8220;6%&#8220; link_option_url=&#8220;https:\/\/maps.app.goo.gl\/6WhgqAqEvf6xhiS88&#8243; link_option_url_new_window=&#8220;on&#8220; custom_css_blurb_title=&#8220;margin-bottom:-10px;&#8220; border_width_bottom=&#8220;1px&#8220; border_color_bottom=&#8220;#EEEEEE&#8220; icon_font_size=&#8220;39px&#8220; global_colors_info=&#8220;{}&#8220; transform_styles__hover_enabled=&#8220;on|hover&#8220; transform_scale__hover=&#8220;103%|103%&#8220; transform_scale__hover_enabled=&#8220;on|hover&#8220; transform_translate__hover=&#8220;-5px|0px&#8220; transform_translate__hover_enabled=&#8220;on|hover&#8220; transform_rotate__hover_enabled=&#8220;on|desktop&#8220; transform_skew__hover_enabled=&#8220;on|desktop&#8220; transform_origin__hover_enabled=&#8220;on|desktop&#8220;]<\/p>\n<p>Borovak pri Podkum 33, 1414 Podkum<\/p>\n<p>[\/et_pb_blurb][et_pb_blurb title=&#8220;Steuernummer&#8220; use_icon=&#8220;on&#8220; font_icon=&#8220;&#xe060;||divi||400&#8243; icon_placement=&#8220;left&#8220; image_icon_width=&#8220;39px&#8220; _builder_version=&#8220;4.27.4&#8243; header_font=&#8220;|700|||||||&#8220; background_enable_color=&#8220;off&#8220; transform_translate_linked=&#8220;off&#8220; module_alignment=&#8220;left&#8220; custom_margin=&#8220;||4px||false|false&#8220; custom_padding=&#8220;18px|20px|18px|20px|false|true&#8220; animation_style=&#8220;slide&#8220; animation_direction=&#8220;bottom&#8220; animation_intensity_slide=&#8220;6%&#8220; custom_css_blurb_title=&#8220;margin-bottom:-10px;&#8220; border_width_bottom=&#8220;1px&#8220; border_color_bottom=&#8220;#EEEEEE&#8220; icon_font_size=&#8220;39px&#8220; global_colors_info=&#8220;{}&#8220; transform_styles__hover_enabled=&#8220;on|hover&#8220; transform_scale__hover=&#8220;103%|103%&#8220; transform_scale__hover_enabled=&#8220;on|hover&#8220; transform_translate__hover=&#8220;-5px|0px&#8220; transform_translate__hover_enabled=&#8220;on|desktop&#8220; transform_rotate__hover_enabled=&#8220;on|desktop&#8220; transform_skew__hover_enabled=&#8220;on|desktop&#8220; transform_origin__hover_enabled=&#8220;on|desktop&#8220;]<\/p>\n<p>SI29448689<\/p>\n<p>[\/et_pb_blurb][et_pb_blurb title=&#8220;Elternteil Nummer&#8220; use_icon=&#8220;on&#8220; font_icon=&#8220;&#xf577;||fa||900&#8243; icon_placement=&#8220;left&#8220; image_icon_width=&#8220;39px&#8220; _builder_version=&#8220;4.27.4&#8243; header_font=&#8220;|700|||||||&#8220; background_enable_color=&#8220;off&#8220; transform_translate_linked=&#8220;off&#8220; module_alignment=&#8220;left&#8220; custom_margin=&#8220;||4px||false|false&#8220; custom_padding=&#8220;18px|20px|18px|20px|false|true&#8220; animation_style=&#8220;slide&#8220; animation_direction=&#8220;bottom&#8220; animation_intensity_slide=&#8220;6%&#8220; custom_css_blurb_title=&#8220;margin-bottom:-10px;&#8220; border_width_bottom=&#8220;1px&#8220; border_color_bottom=&#8220;#EEEEEE&#8220; icon_font_size=&#8220;39px&#8220; global_colors_info=&#8220;{}&#8220; transform_styles__hover_enabled=&#8220;on|hover&#8220; transform_scale__hover=&#8220;103%|103%&#8220; transform_scale__hover_enabled=&#8220;on|hover&#8220; transform_translate__hover=&#8220;-5px|0px&#8220; transform_translate__hover_enabled=&#8220;on|desktop&#8220; transform_rotate__hover_enabled=&#8220;on|desktop&#8220; transform_skew__hover_enabled=&#8220;on|desktop&#8220; transform_origin__hover_enabled=&#8220;on|desktop&#8220;]<\/p>\n<p>9157581000<\/p>\n<p>[\/et_pb_blurb][et_pb_blurb title=&#8220;TRR&#8220; use_icon=&#8220;on&#8220; font_icon=&#8220;&#xf19c;||fa||900&#8243; icon_placement=&#8220;left&#8220; image_icon_width=&#8220;39px&#8220; _builder_version=&#8220;4.27.4&#8243; header_font=&#8220;|700|||||||&#8220; background_enable_color=&#8220;off&#8220; transform_translate_linked=&#8220;off&#8220; module_alignment=&#8220;left&#8220; custom_margin=&#8220;||4px||false|false&#8220; custom_padding=&#8220;18px|20px|18px|20px|false|true&#8220; animation_style=&#8220;slide&#8220; animation_direction=&#8220;bottom&#8220; animation_intensity_slide=&#8220;6%&#8220; custom_css_blurb_title=&#8220;margin-bottom:-10px;&#8220; border_width_bottom=&#8220;1px&#8220; border_color_bottom=&#8220;#EEEEEE&#8220; icon_font_size=&#8220;39px&#8220; global_colors_info=&#8220;{}&#8220; transform_styles__hover_enabled=&#8220;on|hover&#8220; transform_scale__hover=&#8220;103%|103%&#8220; transform_scale__hover_enabled=&#8220;on|hover&#8220; transform_translate__hover=&#8220;-5px|0px&#8220; transform_translate__hover_enabled=&#8220;on|desktop&#8220; transform_rotate__hover_enabled=&#8220;on|desktop&#8220; transform_skew__hover_enabled=&#8220;on|desktop&#8220; transform_origin__hover_enabled=&#8220;on|desktop&#8220;]<\/p>\n<p>SI56 0284 3026 4307 138<\/p>\n<p>[\/et_pb_blurb][\/et_pb_column][\/et_pb_row][\/et_pb_section][et_pb_section fb_built=&#8220;1&#8243; fullwidth=&#8220;on&#8220; module_id=&#8220;Karte&#8220; _builder_version=&#8220;4.20.2&#8243; _module_preset=&#8220;default&#8220; global_colors_info=&#8220;{}&#8220;][et_pb_fullwidth_code _builder_version=&#8220;4.27.4&#8243; _module_preset=&#8220;default&#8220; global_colors_info=&#8220;{}&#8220;]<iframe src=\"https:\/\/www.google.com\/maps\/embed?pb=!1m18!1m12!1m3!1d2767.884674454359!2d15.042593612940564!3d46.07334067096974!2m3!1f0!2f0!3f0!3m2!1i1024!2i768!4f13.1!3m3!1m2!1s0x476513c45cb9142b%3A0x7f399846a1e619ab!2sBorovak%20pri%20Podkumu%2033%2C%201414%20Podkum!5e0!3m2!1sen!2ssi!4v1749740285724!5m2!1sen!2ssi\" width=\"100%\" height=\"450\" style=\"border:0;\" allowfullscreen=\"\" loading=\"lazy\" referrerpolicy=\"no-referrer-when-downgrade\"><\/iframe>[\/et_pb_fullwidth_code][\/et_pb_section]<\/p>\n","protected":false},"excerpt":{"rendered":"<p>Wenn Sie Fragen zu unseren Dienstleistungen haben, z\u00f6gern Sie bitte nicht, uns zu kontaktieren. Unser Team beantwortet gerne alle Ihre Fragen und hilft Ihnen bei allen Problemen. Senden Sie uns eine AnfrageE-LUS d.o.o.Borovak pri Podkum 33, 1414 PodkumSI294486899157581000SI56 0284 3026 4307 138<\/p>\n","protected":false},"author":1,"featured_media":0,"parent":0,"menu_order":0,"comment_status":"closed","ping_status":"closed","template":"","meta":{"_seopress_robots_primary_cat":"","_seopress_titles_title":"","_seopress_titles_desc":"","_seopress_robots_index":"","_et_pb_use_builder":"on","_et_pb_old_content":"","_et_gb_content_width":"","footnotes":""},"class_list":["post-266","page","type-page","status-publish","hentry"],"_links":{"self":[{"href":"https:\/\/e-lus.si\/de\/wp-json\/wp\/v2\/pages\/266","targetHints":{"allow":["GET"]}}],"collection":[{"href":"https:\/\/e-lus.si\/de\/wp-json\/wp\/v2\/pages"}],"about":[{"href":"https:\/\/e-lus.si\/de\/wp-json\/wp\/v2\/types\/page"}],"author":[{"embeddable":true,"href":"https:\/\/e-lus.si\/de\/wp-json\/wp\/v2\/users\/1"}],"replies":[{"embeddable":true,"href":"https:\/\/e-lus.si\/de\/wp-json\/wp\/v2\/comments?post=266"}],"version-history":[{"count":7,"href":"https:\/\/e-lus.si\/de\/wp-json\/wp\/v2\/pages\/266\/revisions"}],"predecessor-version":[{"id":346,"href":"https:\/\/e-lus.si\/de\/wp-json\/wp\/v2\/pages\/266\/revisions\/346"}],"wp:attachment":[{"href":"https:\/\/e-lus.si\/de\/wp-json\/wp\/v2\/media?parent=266"}],"curies":[{"name":"wp","href":"https:\/\/api.w.org\/{rel}","templated":true}]}}