{"id":272,"date":"2025-06-11T15:27:46","date_gmt":"2025-06-11T13:27:46","guid":{"rendered":"https:\/\/e-lus.si\/karriere\/"},"modified":"2025-06-24T12:21:13","modified_gmt":"2025-06-24T10:21:13","slug":"karriere","status":"publish","type":"page","link":"https:\/\/e-lus.si\/de\/karriere\/","title":{"rendered":"Karriere"},"content":{"rendered":"<p>[et_pb_section fb_built=&#8220;1&#8243; custom_padding_last_edited=&#8220;on|phone&#8220; admin_label=&#8220;Boxy Header Module &#8211; Image 1920 x 1117 pixels&#8220; module_class=&#8220;header_8_f falkor&#8220; _builder_version=&#8220;4.27.4&#8243; background_enable_color=&#8220;off&#8220; use_background_color_gradient=&#8220;on&#8220; background_color_gradient_stops=&#8220;rgba(0,0,0,0) 39%|#08256e 100%&#8220; background_color_gradient_start=&#8220;#8ba2b2&#8243; background_color_gradient_start_position=&#8220;56%&#8220; background_color_gradient_end=&#8220;#1a4963&#8243; background_image=&#8220;https:\/\/e-lus.si\/wp-content\/uploads\/2025\/06\/title-zaposlitev-.jpg&#8220; background_blend=&#8220;multiply&#8220; z_index=&#8220;1&#8243; custom_margin=&#8220;||||false|false&#8220; custom_padding=&#8220;79px||34px||false|false&#8220; custom_padding_tablet=&#8220;100px||84px||false|false&#8220; custom_padding_phone=&#8220;63px||50px||false|false&#8220; animation_style=&#8220;slide&#8220; animation_direction=&#8220;top&#8220; animation_intensity_slide=&#8220;5%&#8220; box_shadow_style=&#8220;preset3&#8243; box_shadow_blur=&#8220;55px&#8220; box_shadow_color=&#8220;rgba(0,0,0,0.52)&#8220; collapsed=&#8220;off&#8220; global_colors_info=&#8220;{}&#8220;][et_pb_row custom_padding_last_edited=&#8220;on|tablet&#8220; admin_label=&#8220;Boxy Header Module&#8220; module_class=&#8220;lines_ba et_pb_row_fullwidth&#8220; _builder_version=&#8220;4.16&#8243; background_size=&#8220;initial&#8220; background_position=&#8220;top_left&#8220; background_repeat=&#8220;repeat&#8220; z_index=&#8220;1&#8243; width=&#8220;89%&#8220; width_tablet=&#8220;80%&#8220; width_phone=&#8220;80%&#8220; width_last_edited=&#8220;on|desktop&#8220; max_width=&#8220;89%&#8220; max_width_tablet=&#8220;80%&#8220; max_width_phone=&#8220;80%&#8220; max_width_last_edited=&#8220;on|desktop&#8220; custom_padding=&#8220;20px|0px|20px|0px&#8220; custom_padding_tablet=&#8220;0px|0px|0px|0px&#8220; custom_padding_phone=&#8220;&#8220; make_fullwidth=&#8220;on&#8220; global_colors_info=&#8220;{}&#8220;][et_pb_column type=&#8220;4_4&#8243; _builder_version=&#8220;4.16&#8243; background_position=&#8220;top_left&#8220; custom_padding=&#8220;|||&#8220; global_colors_info=&#8220;{}&#8220; custom_padding__hover=&#8220;|||&#8220;][et_pb_cta title=&#8220;KARRIERE&#8220; admin_label=&#8220;Make It Awesome&#8220; _builder_version=&#8220;4.27.4&#8243; header_font=&#8220;Poppins|700||on|||||&#8220; header_text_color=&#8220;#FFFFFF&#8220; header_font_size=&#8220;56px&#8220; header_line_height=&#8220;1.7em&#8220; body_font=&#8220;Lato||||&#8220; body_text_color=&#8220;#ffffff&#8220; body_font_size=&#8220;16&#8243; body_line_height=&#8220;170%&#8220; use_background_color=&#8220;off&#8220; custom_button=&#8220;on&#8220; button_text_size=&#8220;16px&#8220; button_text_color=&#8220;#ffffff&#8220; button_bg_color=&#8220;rgba(0,0,0,0)&#8220; button_border_color=&#8220;#ffffff&#8220; button_border_radius=&#8220;0px&#8220; button_font=&#8220;Montserrat|on||on|&#8220; button_use_icon=&#8220;off&#8220; header_font_size_tablet=&#8220;50&#8243; header_font_size_phone=&#8220;36&#8243; header_font_size_last_edited=&#8220;on|phone&#8220; custom_css_promo_title=&#8220;line-height: 110% !important;|| position: relative;||padding: 32px 20px;|| display: block;||margin-bottom: 24px;&#8220; button_border_radius_hover=&#8220;0px&#8220; button_bg_color_hover=&#8220;rgba(0,0,0,0.3)&#8220; global_colors_info=&#8220;{}&#8220; button_text_size__hover_enabled=&#8220;off&#8220; button_one_text_size__hover_enabled=&#8220;off&#8220; button_two_text_size__hover_enabled=&#8220;off&#8220; button_text_color__hover_enabled=&#8220;off&#8220; button_one_text_color__hover_enabled=&#8220;off&#8220; button_two_text_color__hover_enabled=&#8220;off&#8220; button_border_width__hover_enabled=&#8220;off&#8220; button_one_border_width__hover_enabled=&#8220;off&#8220; button_two_border_width__hover_enabled=&#8220;off&#8220; button_border_color__hover_enabled=&#8220;off&#8220; button_one_border_color__hover_enabled=&#8220;off&#8220; button_two_border_color__hover_enabled=&#8220;off&#8220; button_border_radius__hover_enabled=&#8220;on&#8220; button_border_radius__hover=&#8220;0px&#8220; button_one_border_radius__hover_enabled=&#8220;off&#8220; button_two_border_radius__hover_enabled=&#8220;off&#8220; button_letter_spacing__hover_enabled=&#8220;off&#8220; button_one_letter_spacing__hover_enabled=&#8220;off&#8220; button_two_letter_spacing__hover_enabled=&#8220;off&#8220; button_bg_color__hover_enabled=&#8220;on&#8220; button_bg_color__hover=&#8220;rgba(0,0,0,0.3)&#8220; button_one_bg_color__hover_enabled=&#8220;off&#8220; button_two_bg_color__hover_enabled=&#8220;off&#8220;][\/et_pb_cta][et_pb_code _builder_version=&#8220;4.27.4&#8243; _module_preset=&#8220;default&#8220; global_colors_info=&#8220;{}&#8220;]<\/p>\n<style><!-- [et_pb_line_break_holder] -->\/* title border *\/<!-- [et_pb_line_break_holder] -->body #page-container .lines_ba h2:before,<!-- [et_pb_line_break_holder] -->body #page-container .lines_ba h2:after { border-width: 7px!important;<!-- [et_pb_line_break_holder] -->border-color: #00caa6!important; <!-- [et_pb_line_break_holder] -->}<!-- [et_pb_line_break_holder] --><\/style>\n<p>[\/et_pb_code][\/et_pb_column][\/et_pb_row][\/et_pb_section][et_pb_section fb_built=&#8220;1&#8243; _builder_version=&#8220;4.27.4&#8243; _module_preset=&#8220;default&#8220; global_colors_info=&#8220;{}&#8220;][et_pb_row _builder_version=&#8220;4.20.0&#8243; _module_preset=&#8220;default&#8220; custom_padding=&#8220;||35px|||&#8220; global_colors_info=&#8220;{}&#8220;][et_pb_column type=&#8220;4_4&#8243; module_class=&#8220;btn-inline&#8220; _builder_version=&#8220;4.20.0&#8243; _module_preset=&#8220;default&#8220; global_colors_info=&#8220;{}&#8220;][et_pb_divider color=&#8220;#FFB600&#8243; divider_weight=&#8220;100px&#8220; _builder_version=&#8220;4.27.4&#8243; _module_preset=&#8220;default&#8220; width=&#8220;100px&#8220; width_tablet=&#8220;100px&#8220; width_phone=&#8220;101px&#8220; width_last_edited=&#8220;on|phone&#8220; module_alignment=&#8220;center&#8220; custom_margin=&#8220;||4px||false|false&#8220; custom_margin_tablet=&#8220;||7px||false|false&#8220; custom_margin_phone=&#8220;&#8220; custom_margin_last_edited=&#8220;on|tablet&#8220; custom_padding=&#8220;||0px||false|false&#8220; animation_style=&#8220;slide&#8220; animation_direction=&#8220;right&#8220; animation_intensity_slide=&#8220;32%&#8220; global_colors_info=&#8220;{}&#8220;][\/et_pb_divider][et_pb_text _builder_version=&#8220;4.27.4&#8243; _module_preset=&#8220;default&#8220; header_2_font=&#8220;|700|||||||&#8220; header_2_text_align=&#8220;center&#8220; header_2_font_size=&#8220;30px&#8220; header_2_line_height=&#8220;1.2em&#8220; z_index=&#8220;500&#8243; custom_margin=&#8220;||9px||false|false&#8220; custom_margin_tablet=&#8220;&#8220; custom_margin_phone=&#8220;8px||||false|false&#8220; custom_margin_last_edited=&#8220;on|phone&#8220; animation_direction=&#8220;right&#8220; hover_enabled=&#8220;0&#8243; header_2_font_size_tablet=&#8220;25px&#8220; header_2_font_size_phone=&#8220;18px&#8220; header_2_font_size_last_edited=&#8220;on|phone&#8220; global_colors_info=&#8220;{}&#8220; sticky_enabled=&#8220;0&#8243;]<\/p>\n<h2>WIR STELLEN EIN: ELEKTRIKER (m\/w\/d)<\/h2>\n<p>[\/et_pb_text][\/et_pb_column][\/et_pb_row][et_pb_row _builder_version=&#8220;4.27.4&#8243; _module_preset=&#8220;default&#8220; global_colors_info=&#8220;{}&#8220;][et_pb_column type=&#8220;4_4&#8243; _builder_version=&#8220;4.27.4&#8243; _module_preset=&#8220;default&#8220; global_colors_info=&#8220;{}&#8220;][et_pb_text _builder_version=&#8220;4.27.4&#8243; _module_preset=&#8220;default&#8220; text_orientation=&#8220;center&#8220; global_colors_info=&#8220;{}&#8220;]<\/p>\n<p>Das Unternehmen E-lus d.o.o., mit langj\u00e4hriger Erfahrung im Bereich Elektroinstallationen, sucht zur Verst\u00e4rkung seines Teams eine\/n neue\/n Mitarbeiter\/in!<\/p>\n<p>[\/et_pb_text][\/et_pb_column][\/et_pb_row][et_pb_row column_structure=&#8220;1_3,1_3,1_3&#8243; _builder_version=&#8220;4.27.4&#8243; _module_preset=&#8220;default&#8220; global_colors_info=&#8220;{}&#8220;][et_pb_column type=&#8220;1_3&#8243; _builder_version=&#8220;4.27.4&#8243; _module_preset=&#8220;default&#8220; global_colors_info=&#8220;{}&#8220;][et_pb_text _builder_version=&#8220;4.27.4&#8243; _module_preset=&#8220;default&#8220; global_colors_info=&#8220;{}&#8220;]<\/p>\n<h3>Stellenbeschreibung<\/h3>\n<ul>\n<li><span>Durchf\u00fchrung von Elektroinstallationsarbeiten in Wohn-, Gesch\u00e4fts- und Industriegeb\u00e4uden<\/span><\/li>\n<li><span>Montage und Anschluss von Elektroger\u00e4ten<\/span><\/li>\n<li><span>Durchf\u00fchrung von Service- und Wartungsarbeiten<\/span><\/li>\n<li><span>Lesen technischer Dokumentationen und Pl\u00e4ne<\/span><\/li>\n<\/ul>\n<p>[\/et_pb_text][\/et_pb_column][et_pb_column type=&#8220;1_3&#8243; _builder_version=&#8220;4.27.4&#8243; _module_preset=&#8220;default&#8220; global_colors_info=&#8220;{}&#8220;][et_pb_text _builder_version=&#8220;4.27.4&#8243; _module_preset=&#8220;default&#8220; global_colors_info=&#8220;{}&#8220;]<\/p>\n<h3>Wir erwarten<\/h3>\n<ul>\n<li>\n<div>Mindestens einen Abschluss der 4. Stufe einer elektrotechnischen Fachrichtung <\/div>\n<div><span><\/span><\/div>\n<\/li>\n<li>\n<div><span>Selbstst\u00e4ndigkeit, Genauigkeit und Verantwortungsbewusstsein bei der Arbeit<\/span><\/div>\n<div><span><\/span><\/div>\n<\/li>\n<li>\n<div><span>F\u00fchrerschein der Klasse B<\/span><\/div>\n<div><span><\/span><\/div>\n<\/li>\n<li>\n<div><span>Mindestens 1 Jahr Berufserfahrung von Vorteil<\/span><\/div>\n<\/li>\n<\/ul>\n<p>[\/et_pb_text][\/et_pb_column][et_pb_column type=&#8220;1_3&#8243; _builder_version=&#8220;4.27.4&#8243; _module_preset=&#8220;default&#8220; global_colors_info=&#8220;{}&#8220;][et_pb_text _builder_version=&#8220;4.27.4&#8243; _module_preset=&#8220;default&#8220; global_colors_info=&#8220;{}&#8220;]<\/p>\n<h3>Wir bieten<\/h3>\n<ul>\n<li>\n<div><span>Festanstellung mit langfristiger Zusammenarbeit<\/span><\/div>\n<div><span><\/span><\/div>\n<\/li>\n<li>\n<div><span>Arbeit in einem angenehmen und stabilen Team<\/span><\/div>\n<div><span><\/span><\/div>\n<\/li>\n<li>\n<div><span>Leistungsorientierte Bezahlung entsprechend Wissen und Erfahrung<\/span><\/div>\n<div><span><\/span><\/div>\n<\/li>\n<li>\n<div><span>M\u00f6glichkeiten zur Weiterbildung und beruflichen Entwicklung<\/span><\/div>\n<\/li>\n<\/ul>\n<p>[\/et_pb_text][\/et_pb_column][\/et_pb_row][et_pb_row _builder_version=&#8220;4.27.4&#8243; _module_preset=&#8220;default&#8220; global_colors_info=&#8220;{}&#8220;][et_pb_column type=&#8220;4_4&#8243; _builder_version=&#8220;4.27.4&#8243; _module_preset=&#8220;default&#8220; global_colors_info=&#8220;{}&#8220;][et_pb_text _builder_version=&#8220;4.27.4&#8243; _module_preset=&#8220;default&#8220; text_font=&#8220;|600|||||||&#8220; text_font_size=&#8220;18px&#8220; link_text_color=&#8220;#00CAA6&#8243; text_orientation=&#8220;center&#8220; custom_padding=&#8220;26px|16px|26px|16px|true|true&#8220; border_radii=&#8220;on|18px|18px|18px|18px&#8220; border_width_all=&#8220;2px&#8220; border_color_all=&#8220;#dddddd&#8220; global_colors_info=&#8220;{}&#8220;]<\/p>\n<p>Alle, die an der Stelle interessiert sind, laden wir ein, ihre Bewerbung mit Lebenslauf an <a href=\"mailto:info@e-lus.si\">info@e-lus.si<\/a> zu senden.<\/p>\n<p>[\/et_pb_text][\/et_pb_column][\/et_pb_row][\/et_pb_section]<\/p>\n","protected":false},"excerpt":{"rendered":"<p>WIR STELLEN EIN: ELEKTRIKER (m\/w\/d)Das Unternehmen E-lus d.o.o., mit langj\u00e4hriger Erfahrung im Bereich Elektroinstallationen, sucht zur Verst\u00e4rkung seines Teams eine\/n neue\/n Mitarbeiter\/in!Stellenbeschreibung Durchf\u00fchrung von Elektroinstallationsarbeiten in Wohn-, Gesch\u00e4fts- und Industriegeb\u00e4uden Montage und Anschluss von Elektroger\u00e4ten Durchf\u00fchrung von Service- und Wartungsarbeiten Lesen technischer Dokumentationen und Pl\u00e4ne Wir erwarten Mindestens einen Abschluss der 4. Stufe einer elektrotechnischen [&hellip;]<\/p>\n","protected":false},"author":1,"featured_media":0,"parent":0,"menu_order":0,"comment_status":"closed","ping_status":"closed","template":"","meta":{"_seopress_robots_primary_cat":"","_seopress_titles_title":"","_seopress_titles_desc":"","_seopress_robots_index":"","_et_pb_use_builder":"on","_et_pb_old_content":"","_et_gb_content_width":"","footnotes":""},"class_list":["post-272","page","type-page","status-publish","hentry"],"_links":{"self":[{"href":"https:\/\/e-lus.si\/de\/wp-json\/wp\/v2\/pages\/272","targetHints":{"allow":["GET"]}}],"collection":[{"href":"https:\/\/e-lus.si\/de\/wp-json\/wp\/v2\/pages"}],"about":[{"href":"https:\/\/e-lus.si\/de\/wp-json\/wp\/v2\/types\/page"}],"author":[{"embeddable":true,"href":"https:\/\/e-lus.si\/de\/wp-json\/wp\/v2\/users\/1"}],"replies":[{"embeddable":true,"href":"https:\/\/e-lus.si\/de\/wp-json\/wp\/v2\/comments?post=272"}],"version-history":[{"count":2,"href":"https:\/\/e-lus.si\/de\/wp-json\/wp\/v2\/pages\/272\/revisions"}],"predecessor-version":[{"id":274,"href":"https:\/\/e-lus.si\/de\/wp-json\/wp\/v2\/pages\/272\/revisions\/274"}],"wp:attachment":[{"href":"https:\/\/e-lus.si\/de\/wp-json\/wp\/v2\/media?parent=272"}],"curies":[{"name":"wp","href":"https:\/\/api.w.org\/{rel}","templated":true}]}}